{"id":1931,"date":"2025-07-16T11:59:24","date_gmt":"2025-07-16T11:59:24","guid":{"rendered":"https:\/\/monteforest.com\/de\/?page_id=1931"},"modified":"2026-03-13T18:48:39","modified_gmt":"2026-03-13T18:48:39","slug":"widerrufsformular","status":"publish","type":"page","link":"https:\/\/monteforest.com\/de\/widerrufsformular\/","title":{"rendered":"Widerrufsformular"},"content":{"rendered":"\t\t<div data-elementor-type=\"wp-page\" data-elementor-id=\"1931\" class=\"elementor elementor-1931\" data-elementor-post-type=\"page\">\n\t\t\t\t<div class=\"elementor-element elementor-element-91c7c03 e-flex e-con-boxed e-con e-parent\" data-id=\"91c7c03\" data-element_type=\"container\" data-e-type=\"container\">\n\t\t\t\t\t<div class=\"e-con-inner\">\n\t\t\t\t<div class=\"elementor-element elementor-element-549748b elementor-widget elementor-widget-spacer\" data-id=\"549748b\" data-element_type=\"widget\" data-e-type=\"widget\" data-widget_type=\"spacer.default\">\n\t\t\t\t\t\t\t<div class=\"elementor-spacer\">\n\t\t\t<div class=\"elementor-spacer-inner\"><\/div>\n\t\t<\/div>\n\t\t\t\t\t\t<\/div>\n\t\t\t\t\t<\/div>\n\t\t\t\t<\/div>\n\t\t<div class=\"elementor-element elementor-element-8fb1d31 e-flex e-con-boxed e-con e-parent\" data-id=\"8fb1d31\" data-element_type=\"container\" data-e-type=\"container\">\n\t\t\t\t\t<div class=\"e-con-inner\">\n\t\t\t\t<div class=\"elementor-element elementor-element-51445cb elementor-widget elementor-widget-text-editor\" data-id=\"51445cb\" data-element_type=\"widget\" data-e-type=\"widget\" data-widget_type=\"text-editor.default\">\n\t\t\t\t\t\t\t\t\t<section class=\"mf-withdrawal-page\">\n  <div class=\"mf-withdrawal-wrap\">\n\n    <header class=\"mf-withdrawal-header\">\n      <div class=\"mf-header-badge\">MONTEFOREST<\/div>\n      <h1>Formularz odst\u0105pienia od umowy<\/h1>\n      <p>\n        Poni\u017cej znajduje si\u0119 wz\u00f3r formularza odst\u0105pienia od umowy zawartej na odleg\u0142o\u015b\u0107.\n        Formularz mo\u017cna skopiowa\u0107, wype\u0142ni\u0107 i przes\u0142a\u0107 na adres e-mail lub pocztowy.\n      <\/p>\n    <\/header>\n\n    <section class=\"mf-withdrawal-card\">\n      <div class=\"mf-section-intro\">\n        <div class=\"mf-icon-bubble\">\ud83c\udfe2<\/div>\n        <div>\n          <div class=\"mf-section-label\">Dane<\/div>\n          <h2>Dane sprzedawcy<\/h2>\n        <\/div>\n      <\/div>\n\n      <div class=\"mf-subcard\">\n        <div class=\"mf-data-block\">\n          <strong>MONTEFOREST Sp. z o.o.<\/strong><br>\n          ul. Prusy 12B<br>\n          05-300 Prusy, woj. mazowieckie, Polska<br>\n          NIP: 5273042589<br>\n          KRS: 0001019094<br>\n          E-mail: <a href=\"mailto:kontakt@monteforest.com\/de\">kontakt@monteforest.com\/de<\/a><br>\n          Telefon: <a href=\"tel:+48694036405\">+48 694 036 405<\/a>\n        <\/div>\n      <\/div>\n    <\/section>\n\n    <section class=\"mf-withdrawal-card\">\n      <div class=\"mf-section-intro\">\n        <div class=\"mf-icon-bubble\">\ud83d\udc64<\/div>\n        <div>\n          <div class=\"mf-section-label\">Klient<\/div>\n          <h2>Dane klienta<\/h2>\n        <\/div>\n      <\/div>\n\n      <div class=\"mf-subcard\">\n        <p class=\"mf-helper-text\">\n          (imi\u0119 i nazwisko, adres, e-mail, numer telefonu)*\n        <\/p>\n\n        <div class=\"mf-form-lines\">\n          <div class=\"mf-line\"><\/div>\n          <div class=\"mf-line\"><\/div>\n          <div class=\"mf-line\"><\/div>\n        <\/div>\n      <\/div>\n    <\/section>\n\n    <section class=\"mf-withdrawal-card\">\n      <div class=\"mf-section-intro\">\n        <div class=\"mf-icon-bubble\">\ud83d\udcdd<\/div>\n        <div>\n          <div class=\"mf-section-label\">O\u015bwiadczenie<\/div>\n          <h2>O\u015bwiadczenie o odst\u0105pieniu od umowy<\/h2>\n        <\/div>\n      <\/div>\n\n      <div class=\"mf-subcard\">\n        <div class=\"mf-statement-text\">\n          Niniejszym informuj\u0119, \u017ce odst\u0119puj\u0119 od umowy zawartej w dniu**:\n        <\/div>\n        <div class=\"mf-form-lines\">\n          <div class=\"mf-line\"><\/div>\n        <\/div>\n\n        <div class=\"mf-statement-text\">\n          dotycz\u0105cej zakupu \/ dostawy rzeczy***:\n        <\/div>\n        <div class=\"mf-form-lines\">\n          <div class=\"mf-line\"><\/div>\n          <div class=\"mf-line\"><\/div>\n          <div class=\"mf-line\"><\/div>\n        <\/div>\n\n        <div class=\"mf-statement-text\">\n          Towar zosta\u0142 dor\u0119czony w dniu**:\n        <\/div>\n        <div class=\"mf-form-lines\">\n          <div class=\"mf-line\"><\/div>\n        <\/div>\n\n        <div class=\"mf-signature-grid\">\n          <div class=\"mf-signature-box\">\n            <div class=\"mf-signature-label\">Miejscowo\u015b\u0107, data<\/div>\n            <div class=\"mf-signature-line\"><\/div>\n          <\/div>\n\n          <div class=\"mf-signature-box\">\n            <div class=\"mf-signature-label\">Podpis klienta (je\u015bli formularz jest sk\u0142adany w formie papierowej)<\/div>\n            <div class=\"mf-signature-line\"><\/div>\n          <\/div>\n        <\/div>\n\n        <div class=\"mf-footnotes\">\n          <p>* Obowi\u0105zkowe jest podanie adresu; pozosta\u0142e dane s\u0105 opcjonalne.<\/p>\n          <p>** Nale\u017cy wskaza\u0107 odpowiedni\u0105 dat\u0119 \u2014 zawarcia umowy lub dor\u0119czenia.<\/p>\n          <p>*** Skre\u015bli\u0107 niew\u0142a\u015bciwe.<\/p>\n        <\/div>\n      <\/div>\n    <\/section>\n\n  <\/div>\n<\/section>\t\t\t\t\t\t\t\t<\/div>\n\t\t\t\t\t<\/div>\n\t\t\t\t<\/div>\n\t\t\t\t<\/div>\n\t\t","protected":false},"excerpt":{"rendered":"<p>&#8230;<\/p>\n","protected":false},"author":1,"featured_media":0,"parent":0,"menu_order":0,"comment_status":"closed","ping_status":"closed","template":"","meta":{"footnotes":""},"class_list":["post-1931","page","type-page","status-publish","hentry"],"_links":{"self":[{"href":"https:\/\/monteforest.com\/de\/wp-json\/wp\/v2\/pages\/1931","targetHints":{"allow":["GET"]}}],"collection":[{"href":"https:\/\/monteforest.com\/de\/wp-json\/wp\/v2\/pages"}],"about":[{"href":"https:\/\/monteforest.com\/de\/wp-json\/wp\/v2\/types\/page"}],"author":[{"embeddable":true,"href":"https:\/\/monteforest.com\/de\/wp-json\/wp\/v2\/users\/1"}],"replies":[{"embeddable":true,"href":"https:\/\/monteforest.com\/de\/wp-json\/wp\/v2\/comments?post=1931"}],"version-history":[{"count":23,"href":"https:\/\/monteforest.com\/de\/wp-json\/wp\/v2\/pages\/1931\/revisions"}],"predecessor-version":[{"id":9647,"href":"https:\/\/monteforest.com\/de\/wp-json\/wp\/v2\/pages\/1931\/revisions\/9647"}],"wp:attachment":[{"href":"https:\/\/monteforest.com\/de\/wp-json\/wp\/v2\/media?parent=1931"}],"curies":[{"name":"wp","href":"https:\/\/api.w.org\/{rel}","templated":true}]}}