{"id":1930,"date":"2025-07-16T11:58:26","date_gmt":"2025-07-16T11:58:26","guid":{"rendered":"https:\/\/monteforest.com\/de\/?page_id=1930"},"modified":"2026-03-13T18:48:43","modified_gmt":"2026-03-13T18:48:43","slug":"reklamationsformular","status":"publish","type":"page","link":"https:\/\/monteforest.com\/de\/reklamationsformular\/","title":{"rendered":"Reklamationsformular"},"content":{"rendered":"\t\t<div data-elementor-type=\"wp-page\" data-elementor-id=\"1930\" class=\"elementor elementor-1930\" data-elementor-post-type=\"page\">\n\t\t\t\t<div class=\"elementor-element elementor-element-bc79b69 e-flex e-con-boxed e-con e-parent\" data-id=\"bc79b69\" data-element_type=\"container\" data-e-type=\"container\">\n\t\t\t\t\t<div class=\"e-con-inner\">\n\t\t\t\t<div class=\"elementor-element elementor-element-948f1d3 elementor-widget elementor-widget-spacer\" data-id=\"948f1d3\" data-element_type=\"widget\" data-e-type=\"widget\" data-widget_type=\"spacer.default\">\n\t\t\t\t\t\t\t<div class=\"elementor-spacer\">\n\t\t\t<div class=\"elementor-spacer-inner\"><\/div>\n\t\t<\/div>\n\t\t\t\t\t\t<\/div>\n\t\t\t\t\t<\/div>\n\t\t\t\t<\/div>\n\t\t<div class=\"elementor-element elementor-element-8fb1d31 e-flex e-con-boxed e-con e-parent\" data-id=\"8fb1d31\" data-element_type=\"container\" data-e-type=\"container\">\n\t\t\t\t\t<div class=\"e-con-inner\">\n\t\t\t\t<div class=\"elementor-element elementor-element-51445cb elementor-widget elementor-widget-text-editor\" data-id=\"51445cb\" data-element_type=\"widget\" data-e-type=\"widget\" data-widget_type=\"text-editor.default\">\n\t\t\t\t\t\t\t\t\t<section class=\"mf-complaint-page\">\n  <div class=\"mf-complaint-wrap\">\n\n    <header class=\"mf-complaint-header\">\n      <div class=\"mf-header-badge\">MONTEFOREST<\/div>\n      <h1>Formularz reklamacji towaru<\/h1>\n      <p>\n        Poni\u017cej znajduje si\u0119 wz\u00f3r formularza reklamacyjnego. Formularz mo\u017cesz skopiowa\u0107,\n        wype\u0142ni\u0107 i przes\u0142a\u0107 na adres e-mail lub pocztowy sprzedawcy.\n      <\/p>\n    <\/header>\n\n    <section class=\"mf-complaint-card\">\n      <div class=\"mf-section-intro\">\n        <div class=\"mf-icon-bubble\">\ud83c\udfe2<\/div>\n        <div>\n          <div class=\"mf-section-label\">Adresat<\/div>\n          <h2>Dane sprzedawcy<\/h2>\n        <\/div>\n      <\/div>\n\n      <div class=\"mf-subcard\">\n        <div class=\"mf-data-block\">\n          <strong>MONTEFOREST Sp. z o.o.<\/strong><br>\n          ul. Prusy 12B<br>\n          05-300 Prusy, woj. mazowieckie, Polska<br>\n          NIP: 5273042589<br>\n          KRS: 0001019094<br>\n          Sklep: <strong>monteforest.com\/de<\/strong><br>\n          E-mail: <a href=\"mailto:kontakt@monteforest.com\/de\">kontakt@monteforest.com\/de<\/a><br>\n          Telefon: <a href=\"tel:+48694036405\">+48 694 036 405<\/a>\n        <\/div>\n      <\/div>\n    <\/section>\n\n    <section class=\"mf-complaint-card\">\n      <div class=\"mf-section-intro\">\n        <div class=\"mf-icon-bubble\">\ud83d\udc64<\/div>\n        <div>\n          <div class=\"mf-section-label\">Klient<\/div>\n          <h2>Dane klienta \/ osoby sk\u0142adaj\u0105cej reklamacj\u0119<\/h2>\n        <\/div>\n      <\/div>\n\n      <div class=\"mf-subcard\">\n        <p class=\"mf-helper-text\">\n          (imi\u0119 i nazwisko, adres, adres e-mail, numer telefonu)\n        <\/p>\n\n        <div class=\"mf-form-lines\">\n          <div class=\"mf-line\"><\/div>\n          <div class=\"mf-line\"><\/div>\n          <div class=\"mf-line\"><\/div>\n        <\/div>\n      <\/div>\n    <\/section>\n\n    <section class=\"mf-complaint-card\">\n      <div class=\"mf-section-intro\">\n        <div class=\"mf-icon-bubble\">\ud83d\udce6<\/div>\n        <div>\n          <div class=\"mf-section-label\">Przedmiot<\/div>\n          <h2>Przedmiot reklamacji<\/h2>\n        <\/div>\n      <\/div>\n\n      <div class=\"mf-subcard\">\n        <p class=\"mf-helper-text\">\n          (m.in. nazwa towaru, cena brutto, ilo\u015b\u0107, opis)\n        <\/p>\n\n        <div class=\"mf-form-lines\">\n          <div class=\"mf-line\"><\/div>\n          <div class=\"mf-line\"><\/div>\n          <div class=\"mf-line\"><\/div>\n        <\/div>\n\n        <div class=\"mf-field-label\">Numer faktury \/ paragonu (je\u017celi dotyczy)<\/div>\n        <div class=\"mf-form-lines\">\n          <div class=\"mf-line\"><\/div>\n        <\/div>\n\n        <div class=\"mf-field-label\">Adres dostawy<\/div>\n        <div class=\"mf-form-lines\">\n          <div class=\"mf-line\"><\/div>\n          <div class=\"mf-line\"><\/div>\n          <div class=\"mf-line\"><\/div>\n        <\/div>\n      <\/div>\n    <\/section>\n\n    <section class=\"mf-complaint-card\">\n      <div class=\"mf-section-intro\">\n        <div class=\"mf-icon-bubble\">\ud83d\udcdd<\/div>\n        <div>\n          <div class=\"mf-section-label\">Opis<\/div>\n          <h2>Zg\u0142oszenie reklamacji<\/h2>\n        <\/div>\n      <\/div>\n\n      <div class=\"mf-subcard\">\n        <p class=\"mf-helper-text\">\n          (m.in. opis wad, okoliczno\u015bci ich powstania)\n        <\/p>\n\n        <div class=\"mf-form-lines\">\n          <div class=\"mf-line\"><\/div>\n          <div class=\"mf-line\"><\/div>\n          <div class=\"mf-line\"><\/div>\n          <div class=\"mf-line\"><\/div>\n        <\/div>\n\n        <div class=\"mf-field-label\">Data zauwa\u017cenia wady<\/div>\n        <div class=\"mf-form-lines\">\n          <div class=\"mf-line\"><\/div>\n        <\/div>\n      <\/div>\n    <\/section>\n\n    <section class=\"mf-complaint-card\">\n      <div class=\"mf-section-intro\">\n        <div class=\"mf-icon-bubble\">\u2696\ufe0f<\/div>\n        <div>\n          <div class=\"mf-section-label\">\u017b\u0105danie<\/div>\n          <h2>Okre\u015blenie \u017c\u0105dania<\/h2>\n        <\/div>\n      <\/div>\n\n      <div class=\"mf-subcard\">\n        <p class=\"mf-helper-text\">Prosz\u0119 o:<\/p>\n\n        <ul class=\"mf-check-list\">\n          <li>[&nbsp;&nbsp;] wymian\u0119 rzeczy na woln\u0105 od wad<\/li>\n          <li>[&nbsp;&nbsp;] usuni\u0119cie wady (naprawa)<\/li>\n          <li>[&nbsp;&nbsp;] obni\u017cenie ceny<\/li>\n          <li>[&nbsp;&nbsp;] odst\u0105pienie od umowy<\/li>\n        <\/ul>\n\n        <div class=\"mf-signature-grid\">\n          <div class=\"mf-signature-box\">\n            <div class=\"mf-signature-label\">Miejscowo\u015b\u0107, data<\/div>\n            <div class=\"mf-signature-line\"><\/div>\n          <\/div>\n\n          <div class=\"mf-signature-box\">\n            <div class=\"mf-signature-label\">Podpis klienta (je\u017celi formularz jest sk\u0142adany w formie pisemnej)<\/div>\n            <div class=\"mf-signature-line\"><\/div>\n          <\/div>\n        <\/div>\n      <\/div>\n    <\/section>\n\n  <\/div>\n<\/section>\t\t\t\t\t\t\t\t<\/div>\n\t\t\t\t\t<\/div>\n\t\t\t\t<\/div>\n\t\t\t\t<\/div>\n\t\t","protected":false},"excerpt":{"rendered":"<p>&#8230;<\/p>\n","protected":false},"author":1,"featured_media":0,"parent":0,"menu_order":0,"comment_status":"closed","ping_status":"closed","template":"","meta":{"footnotes":""},"class_list":["post-1930","page","type-page","status-publish","hentry"],"_links":{"self":[{"href":"https:\/\/monteforest.com\/de\/wp-json\/wp\/v2\/pages\/1930","targetHints":{"allow":["GET"]}}],"collection":[{"href":"https:\/\/monteforest.com\/de\/wp-json\/wp\/v2\/pages"}],"about":[{"href":"https:\/\/monteforest.com\/de\/wp-json\/wp\/v2\/types\/page"}],"author":[{"embeddable":true,"href":"https:\/\/monteforest.com\/de\/wp-json\/wp\/v2\/users\/1"}],"replies":[{"embeddable":true,"href":"https:\/\/monteforest.com\/de\/wp-json\/wp\/v2\/comments?post=1930"}],"version-history":[{"count":23,"href":"https:\/\/monteforest.com\/de\/wp-json\/wp\/v2\/pages\/1930\/revisions"}],"predecessor-version":[{"id":9648,"href":"https:\/\/monteforest.com\/de\/wp-json\/wp\/v2\/pages\/1930\/revisions\/9648"}],"wp:attachment":[{"href":"https:\/\/monteforest.com\/de\/wp-json\/wp\/v2\/media?parent=1930"}],"curies":[{"name":"wp","href":"https:\/\/api.w.org\/{rel}","templated":true}]}}