{"id":1927,"date":"2025-07-16T11:49:46","date_gmt":"2025-07-16T11:49:46","guid":{"rendered":"https:\/\/monteforest.com\/de\/?page_id=1927"},"modified":"2026-03-14T11:53:53","modified_gmt":"2026-03-14T11:53:53","slug":"zahlungsmethoden","status":"publish","type":"page","link":"https:\/\/monteforest.com\/de\/zahlungsmethoden\/","title":{"rendered":"Zahlungsmethoden"},"content":{"rendered":"\t\t<div data-elementor-type=\"wp-page\" data-elementor-id=\"1927\" class=\"elementor elementor-1927\" data-elementor-post-type=\"page\">\n\t\t\t\t<div class=\"elementor-element elementor-element-91c7c03 e-flex e-con-boxed e-con e-parent\" data-id=\"91c7c03\" data-element_type=\"container\" data-e-type=\"container\">\n\t\t\t\t\t<div class=\"e-con-inner\">\n\t\t\t\t<div class=\"elementor-element elementor-element-549748b elementor-widget elementor-widget-spacer\" data-id=\"549748b\" data-element_type=\"widget\" data-e-type=\"widget\" data-widget_type=\"spacer.default\">\n\t\t\t\t\t\t\t<div class=\"elementor-spacer\">\n\t\t\t<div class=\"elementor-spacer-inner\"><\/div>\n\t\t<\/div>\n\t\t\t\t\t\t<\/div>\n\t\t\t\t\t<\/div>\n\t\t\t\t<\/div>\n\t\t<div class=\"elementor-element elementor-element-8fb1d31 e-flex e-con-boxed e-con e-parent\" data-id=\"8fb1d31\" data-element_type=\"container\" data-e-type=\"container\">\n\t\t\t\t\t<div class=\"e-con-inner\">\n\t\t\t\t<div class=\"elementor-element elementor-element-51445cb elementor-widget elementor-widget-text-editor\" data-id=\"51445cb\" data-element_type=\"widget\" data-e-type=\"widget\" data-widget_type=\"text-editor.default\">\n\t\t\t\t\t\t\t\t\t<section class=\"mf-payments-page\"><div class=\"mf-payments-wrap\"><header class=\"mf-page-header\"><div class=\"mf-header-badge\">MONTEFOREST<\/div><h1>Zahlungsmethoden<\/h1><p>Nachfolgend finden Sie die verf\u00fcgbaren Zahlungsmethoden, Bedingungen f\u00fcr die Zahlungsabwicklung<br \/>sowie Informationen zur Sicherheit von Transaktionen im Online-Shop MONTEFOREST.<\/p><\/header><section id=\"metody-platnosci\" class=\"mf-section-card\"><div class=\"mf-section-intro\"><div class=\"mf-icon-bubble\">\ud83d\udcb3<\/div><div><div class=\"mf-section-label\">Informationen<\/div><h2>Zahlungsmethoden<\/h2><\/div><\/div><div class=\"mf-subgrid\"><div class=\"mf-subcard\"><h3>Online-Zahlungen \u2013 Mollie<\/h3><p>Bestellungen k\u00f6nnen sofort \u00fcber sichere Online-Zahlungen abgewickelt werden,<br \/>die vom Zahlungsdienstleister <strong>Mollie B.V.<\/strong> bereitgestellt werden.<\/p><p>Das System erm\u00f6glicht insbesondere:<\/p><ul class=\"mf-list-info\"><li>Kartenzahlungen (Visa, Mastercard und andere unterst\u00fctzte Karten),<\/li><li>Online-Zahlungen \u00fcber die vom Zahlungsanbieter bereitgestellten Methoden.<\/li><\/ul><p>Die Zahlung wird in der Regel in Echtzeit best\u00e4tigt, wodurch die Bearbeitung<br \/>der Bestellung schneller beginnen kann.<\/p><\/div><div class=\"mf-subcard\"><h3>Bank\u00fcberweisung<\/h3><p>Sie k\u00f6nnen auch eine Zahlung per <strong>traditioneller Bank\u00fcberweisung<\/strong><br \/>auf das Bankkonto von MONTEFOREST Sp. z o.o. w\u00e4hlen.<\/p><p>Die \u00dcberweisungsdaten werden ebenfalls in der E-Mail \u00fcbermittelt,<br \/>die nach der Bestellung versendet wird.<\/p><p>Im Verwendungszweck der \u00dcberweisung sollte mindestens die<br \/><strong>Bestellnummer<\/strong> angegeben werden, um die Zuordnung der Zahlung zu erleichtern.<\/p><p>Detaillierte Bankinformationen, einschlie\u00dflich Konten f\u00fcr verschiedene W\u00e4hrungen,<br \/>finden Sie im Abschnitt <strong>Bankdaten<\/strong>.<\/p><\/div><\/div><\/section><section id=\"dane-bankowe\" class=\"mf-section-card\"><div class=\"mf-section-intro\"><div class=\"mf-icon-bubble\">\ud83c\udfe6<\/div><div><div class=\"mf-section-label\">Konten<\/div><h2>Bankdaten<\/h2><\/div><\/div><div class=\"mf-grid-two\"><div class=\"mf-subcard\"><h3>Empf\u00e4ngerdaten<\/h3><div class=\"mf-data-block\"><p><strong>MONTEFOREST SP\u00d3\u0141KA Z OGRANICZON\u0104 ODPOWIEDZIALNO\u015aCI\u0104<\/strong><\/p><p>ul. Prusy 12B<br \/>05-300 Prusy<br \/>Polska<\/p><\/div><div class=\"mf-data-spacer\">\u00a0<\/div><div class=\"mf-data-block\"><p><strong>Bank:<\/strong><\/p><p>PKO Bank Polski S.A.<br \/>ul. \u015awi\u0119tokrzyska 36<br \/>00-116 Warszawa<\/p><\/div><div class=\"mf-data-spacer\">\u00a0<\/div><div class=\"mf-data-block\"><p><strong>SWIFT \/ BIC:<\/strong><\/p><p>BPKOPLPW<\/p><\/div><\/div><div class=\"mf-subcard\"><h3>Kontonummern<\/h3><div class=\"mf-account-card\"><div class=\"mf-account-label\">PLN<\/div><div class=\"mf-account-number\">PL 34 1020 4476 0000 8102 0584 1657<\/div><\/div><div class=\"mf-account-card\"><div class=\"mf-account-label\">EUR<\/div><div class=\"mf-account-number\">PL 68 1020 4476 0000 8602 0584 1673<\/div><\/div><div class=\"mf-account-card\"><div class=\"mf-account-label\">USD<\/div><div class=\"mf-account-number\">PL 73 1020 4476 0000 8402 0584 1681<\/div><\/div><\/div><\/div><\/section><section id=\"warunki-platnosci\" class=\"mf-section-card\"><div class=\"mf-section-intro\"><div class=\"mf-icon-bubble\">\ud83d\udd52<\/div><div><div class=\"mf-section-label\">Abwicklung<\/div><h2>Bedingungen f\u00fcr die Zahlungsabwicklung<\/h2><\/div><\/div><div class=\"mf-subcard\"><ul class=\"mf-list-info\"><li>Die Zahlung sollte innerhalb von <strong>3 Werktagen<\/strong> nach Aufgabe der Bestellung erfolgen, sofern im Bestellprozess kein anderer Zeitraum angegeben wurde.<\/li><li>Bei ausbleibender Zahlung innerhalb dieser Frist kann die Bestellung <strong>automatisch storniert<\/strong> werden.<\/li><li>Die Bearbeitung der Bestellung beginnt nach <strong>Gutschrift des vollst\u00e4ndigen Betrags<\/strong> auf dem Konto von MONTEFOREST oder nach erfolgreicher Autorisierung der Zahlung \u00fcber das System Mollie.<\/li><\/ul><\/div><\/section><section id=\"bezpieczenstwo-platnosci\" class=\"mf-section-card\"><div class=\"mf-section-intro\"><div class=\"mf-icon-bubble\">\ud83d\udd12<\/div><div><div class=\"mf-section-label\">Sicherheit<\/div><h2>Sicherheit der Transaktionen<\/h2><\/div><\/div><div class=\"mf-subcard\"><ul class=\"mf-list-info\"><li>Alle Transaktionen werden entsprechend <strong>verschl\u00fcsselt<\/strong> und gem\u00e4\u00df den Anforderungen der starken Kundenauthentifizierung (PSD2) verarbeitet.<\/li><li>Zahlungskartendaten sowie sensible Zahlungsinformationen werden direkt vom zertifizierten Zahlungsanbieter <strong>Mollie B.V.<\/strong> verarbeitet.<\/li><li>MONTEFOREST Sp. z o.o. speichert keine Zahlungskartendaten der Kunden.<\/li><\/ul><\/div><\/section><section id=\"waluta-potwierdzenie\" class=\"mf-section-card\"><div class=\"mf-section-intro\"><div class=\"mf-icon-bubble\">\ud83d\udcc4<\/div><div><div class=\"mf-section-label\">Abrechnung<\/div><h2>Abrechnungsw\u00e4hrung und Zahlungsbest\u00e4tigung<\/h2><\/div><\/div><div class=\"mf-subcard\"><ul class=\"mf-list-info\"><li>Die im Online-Shop MONTEFOREST dargestellten Preise werden grunds\u00e4tzlich in <strong>EUR<\/strong> angegeben, sofern beim jeweiligen Produkt nichts anderes angegeben ist.<\/li><li>Bei Zahlung per Bank\u00fcberweisung kann die Zahlung auf eines der angegebenen Bankkonten in der entsprechenden W\u00e4hrung erfolgen.<\/li><li>Nach erfolgreicher Verbuchung der Zahlung erh\u00e4lt der Kunde eine E-Mail mit der <strong>Zahlungsbest\u00e4tigung<\/strong> sowie den Details der Transaktion.<\/li><\/ul><\/div><\/section><section id=\"dane-platnosci\" class=\"mf-section-card\"><div class=\"mf-section-intro\"><div class=\"mf-icon-bubble\">\ud83c\udfe2<\/div><div><div class=\"mf-section-label\">Daten<\/div><h2>Daten des Verk\u00e4ufers und Zahlungsanbieters<\/h2><\/div><\/div><div class=\"mf-grid-two\"><div class=\"mf-subcard\"><h3>Daten des Verk\u00e4ufers (Plattformbetreiber)<\/h3><div class=\"mf-data-block\"><p><strong>MONTEFOREST Sp\u00f3\u0142ka z ograniczon\u0105 odpowiedzialno\u015bci\u0105<\/strong><\/p><p>ul. Prusy 12B<br \/>05-300 Prusy<br \/>woj. mazowieckie<br \/>Polska<\/p><p>NIP: 5273042589<br \/>KRS: 0001019094<br \/>REGON: 524458236<\/p><p>E-mail: <a href=\"mailto:kontakt@monteforest.com\">kontakt@monteforest.com<\/a><br \/>Telefon: <a href=\"tel:+48694036405\">+48 694 036 405<\/a><\/p><\/div><\/div><div class=\"mf-subcard\"><h3>Online-Zahlungsanbieter<\/h3><div class=\"mf-data-block\"><p><strong>Mollie B.V.<\/strong><\/p><p>Keizersgracht 126<br \/>1015 CW Amsterdam<br \/>Netherlands<\/p><p>Website:<br \/><a href=\"https:\/\/www.mollie.com\" target=\"_blank\" rel=\"noopener\">mollie.com<\/a><\/p><\/div><\/div><\/div><\/section><section id=\"kontakt-platnosci\" class=\"mf-section-card mf-contact-card\"><div class=\"mf-section-intro\"><div class=\"mf-icon-bubble\">\u2709\ufe0f<\/div><div><div class=\"mf-section-label\">Kontakt<\/div><h2>Kontakt zu Zahlungsfragen<\/h2><\/div><\/div><div class=\"mf-subcard\"><p>Bei Fragen zu Zahlungen kontaktieren Sie uns bitte:<\/p><ul class=\"mf-list-info\"><li>\u2709\ufe0f E-Mail: <a href=\"mailto:kontakt@monteforest.com\">kontakt@monteforest.com<\/a><\/li><li>\ud83d\udcde Telefon: <a href=\"tel:+48694036405\">+48 694 036 405<\/a><\/li><\/ul><\/div><\/section><\/div><\/section>\t\t\t\t\t\t\t\t<\/div>\n\t\t\t\t\t<\/div>\n\t\t\t\t<\/div>\n\t\t\t\t<\/div>\n\t\t","protected":false},"excerpt":{"rendered":"<p>&#8230;<\/p>\n","protected":false},"author":1,"featured_media":0,"parent":0,"menu_order":0,"comment_status":"closed","ping_status":"closed","template":"","meta":{"footnotes":""},"class_list":["post-1927","page","type-page","status-publish","hentry"],"_links":{"self":[{"href":"https:\/\/monteforest.com\/de\/wp-json\/wp\/v2\/pages\/1927","targetHints":{"allow":["GET"]}}],"collection":[{"href":"https:\/\/monteforest.com\/de\/wp-json\/wp\/v2\/pages"}],"about":[{"href":"https:\/\/monteforest.com\/de\/wp-json\/wp\/v2\/types\/page"}],"author":[{"embeddable":true,"href":"https:\/\/monteforest.com\/de\/wp-json\/wp\/v2\/users\/1"}],"replies":[{"embeddable":true,"href":"https:\/\/monteforest.com\/de\/wp-json\/wp\/v2\/comments?post=1927"}],"version-history":[{"count":56,"href":"https:\/\/monteforest.com\/de\/wp-json\/wp\/v2\/pages\/1927\/revisions"}],"predecessor-version":[{"id":9685,"href":"https:\/\/monteforest.com\/de\/wp-json\/wp\/v2\/pages\/1927\/revisions\/9685"}],"wp:attachment":[{"href":"https:\/\/monteforest.com\/de\/wp-json\/wp\/v2\/media?parent=1927"}],"curies":[{"name":"wp","href":"https:\/\/api.w.org\/{rel}","templated":true}]}}