{"id":1926,"date":"2025-07-16T11:46:16","date_gmt":"2025-07-16T11:46:16","guid":{"rendered":"https:\/\/monteforest.com\/de\/?page_id=1926"},"modified":"2026-03-14T11:41:00","modified_gmt":"2026-03-14T11:41:00","slug":"cookie-richtlinie","status":"publish","type":"page","link":"https:\/\/monteforest.com\/de\/cookie-richtlinie\/","title":{"rendered":"Cookie-Richtlinie"},"content":{"rendered":"\t\t<div data-elementor-type=\"wp-page\" data-elementor-id=\"1926\" class=\"elementor elementor-1926\" data-elementor-post-type=\"page\">\n\t\t\t\t<div class=\"elementor-element elementor-element-91c7c03 e-flex e-con-boxed e-con e-parent\" data-id=\"91c7c03\" data-element_type=\"container\" data-e-type=\"container\">\n\t\t\t\t\t<div class=\"e-con-inner\">\n\t\t\t\t<div class=\"elementor-element elementor-element-549748b elementor-widget elementor-widget-spacer\" data-id=\"549748b\" data-element_type=\"widget\" data-e-type=\"widget\" data-widget_type=\"spacer.default\">\n\t\t\t\t\t\t\t<div class=\"elementor-spacer\">\n\t\t\t<div class=\"elementor-spacer-inner\"><\/div>\n\t\t<\/div>\n\t\t\t\t\t\t<\/div>\n\t\t\t\t\t<\/div>\n\t\t\t\t<\/div>\n\t\t<div class=\"elementor-element elementor-element-bc79b69 e-flex e-con-boxed e-con e-parent\" data-id=\"bc79b69\" data-element_type=\"container\" data-e-type=\"container\">\n\t\t\t\t\t<div class=\"e-con-inner\">\n\t\t\t\t<div class=\"elementor-element elementor-element-948f1d3 elementor-widget elementor-widget-spacer\" data-id=\"948f1d3\" data-element_type=\"widget\" data-e-type=\"widget\" data-widget_type=\"spacer.default\">\n\t\t\t\t\t\t\t<div class=\"elementor-spacer\">\n\t\t\t<div class=\"elementor-spacer-inner\"><\/div>\n\t\t<\/div>\n\t\t\t\t\t\t<\/div>\n\t\t\t\t\t<\/div>\n\t\t\t\t<\/div>\n\t\t<div class=\"elementor-element elementor-element-8fb1d31 e-flex e-con-boxed e-con e-parent\" data-id=\"8fb1d31\" data-element_type=\"container\" data-e-type=\"container\">\n\t\t\t\t\t<div class=\"e-con-inner\">\n\t\t\t\t<div class=\"elementor-element elementor-element-51445cb elementor-widget elementor-widget-text-editor\" data-id=\"51445cb\" data-element_type=\"widget\" data-e-type=\"widget\" data-widget_type=\"text-editor.default\">\n\t\t\t\t\t\t\t\t\t<section class=\"mf-cookies-page\">\n<div class=\"mf-cookies-wrap\">\n\n<header class=\"mf-cookies-header\">\n<div class=\"mf-header-badge\">MONTEFOREST<\/div>\n\n<h1>Cookie-Richtlinie<\/h1>\n\nDiese Cookie-Richtlinie legt die Regeln f\u00fcr die Verwendung von Cookies\nauf der Website monteforest.com\/de fest.\n\n<\/header>\n\n\n<section class=\"mf-cookies-card\">\n\n<div class=\"mf-section-intro\">\n<div class=\"mf-icon-bubble\">\ud83c\udf6a<\/div>\n<div>\n<div class=\"mf-section-label\">\u00a71<\/div>\n<h2>Allgemeine Informationen<\/h2>\n<\/div>\n<\/div>\n\n<div class=\"mf-subcard\">\n\nDie Website <strong>monteforest.com\/de<\/strong> verwendet Cookies sowie \u00e4hnliche Technologien,\num das ordnungsgem\u00e4\u00dfe Funktionieren der Website sicherzustellen, Inhalte an die\nPr\u00e4ferenzen der Nutzer anzupassen, Statistiken zu erstellen sowie Analyse-,\nMarketing- und Remarketingma\u00dfnahmen durchzuf\u00fchren.\n\nIm Rahmen von Marketingaktivit\u00e4ten kann die Website auch Werbe- und Analysewerkzeuge\nvon Drittanbietern nutzen, darunter L\u00f6sungen von Meta\n(Facebook Pixel \/ Meta Pixel), die zur Messung der Wirksamkeit von Kampagnen,\nf\u00fcr Remarketing und zur Anpassung von Werbung an das Nutzerverhalten eingesetzt werden.\n\nVerantwortlicher f\u00fcr die Verarbeitung personenbezogener Daten im Zusammenhang mit Cookies ist:\n\n<div class=\"mf-data-block\">\n\n<strong>MONTEFOREST Sp\u00f3\u0142ka z ograniczon\u0105 odpowiedzialno\u015bci\u0105<\/strong>\n\nul. Prusy 12B  \n05-300 Prusy  \nPolska  \n\nNIP: 5273042589  \nKRS: 0001019094  \nREGON: 524458236  \n\nE-mail: <a href=\"mailto:kontakt@monteforest.com\">kontakt@monteforest.com<\/a>  \nTelefon: <a href=\"tel:+48694036405\">+48 694 036 405<\/a>\n\n<\/div>\n\nInformationen zur Verarbeitung personenbezogener Daten finden Sie in der  \n<a href=\"https:\/\/monteforest.com\/de\/datenschutzerklaerung\/\">Datenschutzerkl\u00e4rung<\/a>.\n\n<\/div>\n<\/section>\n\n\n<section class=\"mf-cookies-card\">\n\n<div class=\"mf-section-intro\">\n<div class=\"mf-icon-bubble\">\u2139\ufe0f<\/div>\n<div>\n<div class=\"mf-section-label\">\u00a72<\/div>\n<h2>Was sind Cookies?<\/h2>\n<\/div>\n<\/div>\n\n<div class=\"mf-subcard\">\n\nCookies sind kleine Textdateien, die auf dem Ger\u00e4t des Nutzers gespeichert werden,\nwenn dieser eine Website nutzt.  \n\nSie erm\u00f6glichen es, das Ger\u00e4t des Nutzers zu erkennen und die Website entsprechend\nseiner Pr\u00e4ferenzen darzustellen.\n\n<ul class=\"mf-list-info\">\n\n<li><strong>Session-Cookies<\/strong> \u2013 werden nach dem Schlie\u00dfen des Browsers gel\u00f6scht,<\/li>\n\n<li><strong>Permanente Cookies<\/strong> \u2013 bleiben f\u00fcr einen bestimmten Zeitraum oder bis zu ihrer L\u00f6schung durch den Nutzer auf dem Ger\u00e4t gespeichert.<\/li>\n\n<\/ul>\n\nDie Website verwendet das Einwilligungsmanagement-System <strong>Cookiebot<\/strong>,\nmit dem Nutzer die Verwendung einzelner Cookie-Kategorien verwalten k\u00f6nnen.\n\n<\/div>\n<\/section>\n\n\n<section class=\"mf-cookies-card\">\n\n<div class=\"mf-section-intro\">\n<div class=\"mf-icon-bubble\">\ud83e\udde9<\/div>\n<div>\n<div class=\"mf-section-label\">\u00a73<\/div>\n<h2>Arten der verwendeten Cookies<\/h2>\n<\/div>\n<\/div>\n\n<div class=\"mf-cookies-grid\">\n\n<div class=\"mf-subcard\">\n\n<h3>Notwendige und funktionale Cookies<\/h3>\n\n<ul class=\"mf-list-info\">\n\n<li><strong>Notwendig<\/strong> \u2013 gew\u00e4hrleisten das ordnungsgem\u00e4\u00dfe Funktionieren der Website und ihrer grundlegenden Funktionen.<\/li>\n\n<li><strong>Pr\u00e4ferenz- \/ funktionale Cookies<\/strong> \u2013 speichern Einstellungen des Nutzers, z. B. ausgew\u00e4hlte Pr\u00e4ferenzen oder Interface-Optionen.<\/li>\n\n<\/ul>\n\n<\/div>\n\n\n<div class=\"mf-subcard\">\n\n<h3>Analyse- und Marketing-Cookies<\/h3>\n\n<ul class=\"mf-list-info\">\n\n<li><strong>Analyse-Cookies (statistisch)<\/strong> \u2013 erm\u00f6glichen die Analyse des Website-Traffics und der Nutzung der Website, z. B. mit Google Analytics.<\/li>\n\n<li><strong>Marketing-Cookies<\/strong> \u2013 dienen der Personalisierung von Werbung und Remarketingma\u00dfnahmen, z. B. mit Google Ads sowie Meta Pixel (Facebook Pixel).<\/li>\n\n<\/ul>\n\n<\/div>\n\n<\/div>\n\n<div class=\"mf-subcard\">\n\nCookies k\u00f6nnen sowohl vom Administrator als auch von externen Dienstleistern gesetzt werden,\nderen Dienste auf der Website genutzt werden.\n\n<\/div>\n\n<\/section>\n\n\n<section class=\"mf-cookies-card\">\n\n<div class=\"mf-section-intro\">\n<div class=\"mf-icon-bubble\">\u2699\ufe0f<\/div>\n<div>\n<div class=\"mf-section-label\">\u00a74<\/div>\n<h2>Verwaltung von Cookies<\/h2>\n<\/div>\n<\/div>\n\n<div class=\"mf-subcard\">\n\nBeim ersten Besuch des Shops wird dem Nutzer ein Cookiebot-Banner angezeigt,\n\u00fcber das die Pr\u00e4ferenzen f\u00fcr Cookies ausgew\u00e4hlt werden k\u00f6nnen.\n\n<ul class=\"mf-list-info\">\n\n<li>Akzeptieren aller Cookie-Kategorien,<\/li>\n\n<li>Ablehnen nicht notwendiger Kategorien,<\/li>\n\n<li>Individuelle Anpassung der Einstellungen.<\/li>\n\n<\/ul>\n\nDer Nutzer kann seine Entscheidung jederzeit \u00e4ndern, indem er das Cookiebot-Panel\nerneut \u00fcber die Website aufruft.\n\nZus\u00e4tzlich k\u00f6nnen Cookie-Einstellungen auch im Webbrowser ge\u00e4ndert werden.  \nDie Einschr\u00e4nkung von Cookies kann jedoch die Funktion einiger Elemente der Website beeinflussen.\n\n<\/div>\n\n<\/section>\n\n\n<section class=\"mf-cookies-card\">\n\n<div class=\"mf-section-intro\">\n<div class=\"mf-icon-bubble\">\ud83d\udccc<\/div>\n<div>\n<div class=\"mf-section-label\">\u00a75<\/div>\n<h2>Zwecke und Rechtsgrundlage der Verwendung von Cookies<\/h2>\n<\/div>\n<\/div>\n\n<div class=\"mf-cookies-grid\">\n\n<div class=\"mf-subcard\">\n\n<h3>Zwecke der Verwendung von Cookies<\/h3>\n\n<ul class=\"mf-list-info\">\n\n<li>Sicherstellung des ordnungsgem\u00e4\u00dfen Betriebs der Website,<\/li>\n\n<li>Speicherung von Nutzereinstellungen,<\/li>\n\n<li>Analyse von Website-Traffic und Nutzungsstatistiken,<\/li>\n\n<li>Durchf\u00fchrung von Marketing- und Remarketingma\u00dfnahmen,<\/li>\n\n<li>Personalisierung von Inhalten und Werbung.<\/li>\n\n<\/ul>\n\n<\/div>\n\n\n<div class=\"mf-subcard\">\n\n<h3>Rechtsgrundlage<\/h3>\n\n<ul class=\"mf-list-info\">\n\n<li>bei notwendigen Cookies \u2013 berechtigtes Interesse des Administrators an der Sicherstellung des ordnungsgem\u00e4\u00dfen Betriebs der Website,<\/li>\n\n<li>bei Pr\u00e4ferenz-, Analyse- und Marketing-Cookies \u2013 Einwilligung des Nutzers \u00fcber das Consent-Management-System.<\/li>\n\n<\/ul>\n\n<\/div>\n\n<\/div>\n\n<\/section>\n\n\n<section class=\"mf-cookies-card\">\n\n<div class=\"mf-section-intro\">\n<div class=\"mf-icon-bubble\">\ud83c\udf0d<\/div>\n<div>\n<div class=\"mf-section-label\">\u00a76<\/div>\n<h2>Cookies von Drittanbietern und Daten\u00fcbermittlung au\u00dferhalb des EWR<\/h2>\n<\/div>\n<\/div>\n\n<div class=\"mf-subcard\">\n\nDie Website kann Dienste von Drittanbietern nutzen, insbesondere Analyse-\nund Werbetools von Google und Meta.\n\nDie Nutzung dieser Tools kann mit der \u00dcbermittlung von Daten au\u00dferhalb des\nEurop\u00e4ischen Wirtschaftsraums verbunden sein, insbesondere in die Vereinigten Staaten.\n\nEine solche \u00dcbermittlung erfolgt unter Anwendung geeigneter Datenschutzmechanismen,\ndie durch geltende Rechtsvorschriften vorgesehen sind, insbesondere\nStandardvertragsklauseln oder andere geeignete Rechtsgrundlagen f\u00fcr Daten\u00fcbermittlungen.\n\n<\/div>\n\n<\/section>\n\n\n<section class=\"mf-cookies-card\">\n\n<div class=\"mf-section-intro\">\n<div class=\"mf-icon-bubble\">\ud83c\udfaf<\/div>\n<div>\n<div class=\"mf-section-label\">\u00a77<\/div>\n<h2>Profiling und Remarketing<\/h2>\n<\/div>\n<\/div>\n\n<div class=\"mf-subcard\">\n\nDie Website kann Analyse- und Marketing-Cookies verwenden, um Nutzer automatisch\nzu profilieren und Werbekommunikation anzupassen.\n\nInsbesondere k\u00f6nnen Werbetools wie Google Ads und Meta Pixel\n(Facebook Pixel) verwendet werden, die eine Analyse der Nutzeraktivit\u00e4ten\nauf der Website, die Messung der Kampagnenwirksamkeit, die Erstellung\nvon Zielgruppen sowie Remarketingma\u00dfnahmen erm\u00f6glichen.\n\nProfiling und Remarketing erfolgen ausschlie\u00dflich nach Einwilligung\nin die entsprechenden Cookie-Kategorien.\n\nDer Nutzer kann seine Einwilligung jederzeit widerrufen oder seine\nDatenschutzeinstellungen \u00fcber das Consent-Management-Panel \u00e4ndern.\n\n<\/div>\n\n<\/section>\n\n\n<section class=\"mf-cookies-card\">\n\n<div class=\"mf-section-intro\">\n<div class=\"mf-icon-bubble\">\ud83d\udd04<\/div>\n<div>\n<div class=\"mf-section-label\">\u00a78<\/div>\n<h2>\u00c4nderungen der Cookie-Richtlinie<\/h2>\n<\/div>\n<\/div>\n\n<div class=\"mf-subcard\">\n\nDer Administrator beh\u00e4lt sich das Recht vor, \u00c4nderungen an dieser\nCookie-Richtlinie vorzunehmen, insbesondere bei technologischen,\norganisatorischen oder rechtlichen \u00c4nderungen.\n\nDie aktualisierte Version des Dokuments wird auf der Website ver\u00f6ffentlicht\nund tritt mit dem Ver\u00f6ffentlichungsdatum in Kraft, sofern nichts anderes angegeben wurde.\n\n<\/div>\n\n<\/section>\n\n\n<section class=\"mf-cookies-card mf-contact-card\">\n\n<div class=\"mf-section-intro\">\n<div class=\"mf-icon-bubble\">\u2709\ufe0f<\/div>\n<div>\n<div class=\"mf-section-label\">\u00a79<\/div>\n<h2>Kontakt<\/h2>\n<\/div>\n<\/div>\n\n<div class=\"mf-subcard\">\n\nFragen zur Cookie-Richtlinie k\u00f6nnen an folgende Adresse gerichtet werden:\n\n<a href=\"mailto:kontakt@monteforest.com\">kontakt@monteforest.com<\/a>\n\noder telefonisch unter:\n\n<a href=\"tel:+48694036405\">+48 694 036 405<\/a>\n\n<\/div>\n\n<\/section>\n\n\n<\/div>\n<\/section>\t\t\t\t\t\t\t\t<\/div>\n\t\t\t\t\t<\/div>\n\t\t\t\t<\/div>\n\t\t\t\t<\/div>\n\t\t","protected":false},"excerpt":{"rendered":"<p>&#8230;<\/p>\n","protected":false},"author":1,"featured_media":0,"parent":0,"menu_order":0,"comment_status":"closed","ping_status":"closed","template":"","meta":{"footnotes":""},"class_list":["post-1926","page","type-page","status-publish","hentry"],"_links":{"self":[{"href":"https:\/\/monteforest.com\/de\/wp-json\/wp\/v2\/pages\/1926","targetHints":{"allow":["GET"]}}],"collection":[{"href":"https:\/\/monteforest.com\/de\/wp-json\/wp\/v2\/pages"}],"about":[{"href":"https:\/\/monteforest.com\/de\/wp-json\/wp\/v2\/types\/page"}],"author":[{"embeddable":true,"href":"https:\/\/monteforest.com\/de\/wp-json\/wp\/v2\/users\/1"}],"replies":[{"embeddable":true,"href":"https:\/\/monteforest.com\/de\/wp-json\/wp\/v2\/comments?post=1926"}],"version-history":[{"count":32,"href":"https:\/\/monteforest.com\/de\/wp-json\/wp\/v2\/pages\/1926\/revisions"}],"predecessor-version":[{"id":9671,"href":"https:\/\/monteforest.com\/de\/wp-json\/wp\/v2\/pages\/1926\/revisions\/9671"}],"wp:attachment":[{"href":"https:\/\/monteforest.com\/de\/wp-json\/wp\/v2\/media?parent=1926"}],"curies":[{"name":"wp","href":"https:\/\/api.w.org\/{rel}","templated":true}]}}