{"id":1907,"date":"2025-07-16T11:31:27","date_gmt":"2025-07-16T11:31:27","guid":{"rendered":"https:\/\/monteforest.com\/de\/?page_id=1907"},"modified":"2026-03-14T12:05:16","modified_gmt":"2026-03-14T12:05:16","slug":"rueckgaben-und-reklamationen","status":"publish","type":"page","link":"https:\/\/monteforest.com\/de\/rueckgaben-und-reklamationen\/","title":{"rendered":"R\u00fcckgaben und Reklamationen"},"content":{"rendered":"\t\t<div data-elementor-type=\"wp-page\" data-elementor-id=\"1907\" class=\"elementor elementor-1907\" data-elementor-post-type=\"page\">\n\t\t\t\t<div class=\"elementor-element elementor-element-91c7c03 e-flex e-con-boxed e-con e-parent\" data-id=\"91c7c03\" data-element_type=\"container\" data-e-type=\"container\">\n\t\t\t\t\t<div class=\"e-con-inner\">\n\t\t\t\t<div class=\"elementor-element elementor-element-549748b elementor-widget elementor-widget-spacer\" data-id=\"549748b\" data-element_type=\"widget\" data-e-type=\"widget\" data-widget_type=\"spacer.default\">\n\t\t\t\t\t\t\t<div class=\"elementor-spacer\">\n\t\t\t<div class=\"elementor-spacer-inner\"><\/div>\n\t\t<\/div>\n\t\t\t\t\t\t<\/div>\n\t\t\t\t\t<\/div>\n\t\t\t\t<\/div>\n\t\t<div class=\"elementor-element elementor-element-8fb1d31 e-flex e-con-boxed e-con e-parent\" data-id=\"8fb1d31\" data-element_type=\"container\" data-e-type=\"container\">\n\t\t\t\t\t<div class=\"e-con-inner\">\n\t\t\t\t<div class=\"elementor-element elementor-element-51445cb elementor-widget elementor-widget-text-editor\" data-id=\"51445cb\" data-element_type=\"widget\" data-e-type=\"widget\" data-widget_type=\"text-editor.default\">\n\t\t\t\t\t\t\t\t\t<section class=\"mf-returns-page\"><div class=\"mf-returns-wrap\"><header class=\"mf-returns-header\"><div class=\"mf-header-badge\">MONTEFOREST<\/div><h1>R\u00fcckgaben und Reklamationen<\/h1><p>Nachfolgend finden Sie die Regeln f\u00fcr den Widerruf, R\u00fcckgaben und Reklamationen<br \/>von Produkten, die von MONTEFOREST angeboten werden, unter Ber\u00fccksichtigung der Besonderheiten<br \/>unseres Sortiments, einschlie\u00dflich Standardprodukten, sperrigen Produkten sowie individuell<br \/>auf Bestellung gefertigten Produkten.<\/p><\/header><section id=\"prawo-odstapienia\" class=\"mf-returns-card\"><div class=\"mf-section-intro\"><div class=\"mf-icon-bubble\">\u21a9\ufe0f<\/div><div><div class=\"mf-section-label\">R\u00fcckgaben<\/div><h2>Widerrufsrecht<\/h2><\/div><\/div><div class=\"mf-subcard\"><ul class=\"mf-list-info\"><li>Verbraucher haben das Recht, innerhalb von <strong>14 Tagen<\/strong> ab Erhalt des Produkts ohne Angabe von Gr\u00fcnden von einem Fernabsatzvertrag zur\u00fcckzutreten.<\/li><li>Dieses Recht gilt grunds\u00e4tzlich f\u00fcr Standardprodukte, die im regul\u00e4ren Verkauf angeboten werden.<\/li><li>Das Widerrufsrecht besteht nicht bei <strong>nicht vorgefertigten Produkten, die nach Kundenspezifikation hergestellt werden oder eindeutig auf die pers\u00f6nlichen Bed\u00fcrfnisse des Kunden zugeschnitten sind<\/strong>.<\/li><li>Dies betrifft insbesondere ausgew\u00e4hlte Container, Modulh\u00e4user, Ausbauten, Sonderkonstruktionen sowie andere Produkte, die individuell auf Bestellung gefertigt oder konfiguriert werden.<\/li><\/ul><\/div><\/section><section id=\"jakie-produkty\" class=\"mf-returns-card\"><div class=\"mf-section-intro\"><div class=\"mf-icon-bubble\">\ud83d\udce6<\/div><div><div class=\"mf-section-label\">Umfang<\/div><h2>Welche Produkte k\u00f6nnen zur\u00fcckgegeben werden?<\/h2><\/div><\/div><div class=\"mf-returns-grid\"><div class=\"mf-subcard\"><h3>Standardprodukte<\/h3><ul class=\"mf-list-info\"><li>R\u00fcckgabef\u00e4hig sind Standardprodukte, die im regul\u00e4ren Verkauf angeboten werden, einschlie\u00dflich Waren, die per Kurier versendet werden.<\/li><li>Dies kann auch f\u00fcr einige gr\u00f6\u00dfere Produkte gelten, sofern sie nicht individuell f\u00fcr einen bestimmten Kunden hergestellt oder konfiguriert wurden.<\/li><li>Das Produkt sollte ordnungsgem\u00e4\u00df gesichert und in einem Zustand zur\u00fcckgesendet werden, der eine Pr\u00fcfung seiner Beschaffenheit, Eigenschaften und Funktionsweise erm\u00f6glicht.<\/li><\/ul><\/div><div class=\"mf-subcard\"><h3>Vom R\u00fcckgaberecht ausgeschlossene Produkte<\/h3><ul class=\"mf-list-info\"><li>Von der R\u00fcckgabe ausgeschlossen sind Produkte, die individuell, nach Ma\u00df oder gem\u00e4\u00df Kundenspezifikation angefertigt werden.<\/li><li>In der Praxis kann dies ausgew\u00e4hlte Container, Modulh\u00e4user, Sonderkonstruktionen, Ausbauten sowie andere L\u00f6sungen betreffen, die f\u00fcr ein konkretes Projekt hergestellt werden.<\/li><li>Wenn bei einem bestimmten Produkt oder einer Bestellung kein Widerrufsrecht besteht, sollte diese Information sp\u00e4testens vor Vertragsabschluss angegeben werden.<\/li><\/ul><\/div><\/div><\/section><section id=\"procedura-zwrotu\" class=\"mf-returns-card\"><div class=\"mf-section-intro\"><div class=\"mf-icon-bubble\">\ud83d\udcdd<\/div><div><div class=\"mf-section-label\">Verfahren<\/div><h2>So f\u00fchren Sie eine R\u00fcckgabe durch<\/h2><\/div><\/div><div class=\"mf-subcard\"><ul class=\"mf-list-info\"><li>Laden Sie das R\u00fccksendeformular herunter und f\u00fcllen Sie es aus:<br \/><a href=\"https:\/\/monteforest.com\/de\/wp-content\/uploads\/sites\/12\/2026\/03\/WARENRUeCKSENDEFORMULAR.pdf\" target=\"_blank\" rel=\"noopener\">R\u00fccksendeformular herunterladen (PDF)<\/a><\/li><li>Senden Sie die Information \u00fcber den Widerruf per E-Mail oder legen Sie das Formular der R\u00fccksendung bei.<\/li><li>Sichern Sie das Produkt ordnungsgem\u00e4\u00df f\u00fcr den Transport.<\/li><li>Bitte kontaktieren Sie uns vor der R\u00fccksendung des Produkts, um die korrekte R\u00fccksendeadresse zu best\u00e4tigen.<\/li><li>Das Produkt ist unverz\u00fcglich, sp\u00e4testens jedoch innerhalb von <strong>14 Tagen<\/strong> ab Abgabe der Widerrufserkl\u00e4rung zur\u00fcckzusenden.<\/li><\/ul><\/div><\/section><section id=\"koszty-zwrotu\" class=\"mf-returns-card\"><div class=\"mf-section-intro\"><div class=\"mf-icon-bubble\">\ud83d\ude9a<\/div><div><div class=\"mf-section-label\">Kosten<\/div><h2>Kosten und Logistik der R\u00fcckgabe<\/h2><\/div><\/div><div class=\"mf-returns-grid\"><div class=\"mf-subcard\"><h3>Standardprodukte<\/h3><ul class=\"mf-list-info\"><li>Die unmittelbaren Kosten der R\u00fccksendung tr\u00e4gt der Kunde, sofern nichts anderes vereinbart wurde.<\/li><li>Die R\u00fcckgabe von Standardprodukten kann per normalem Kurierdienst oder auf einem anderen geeigneten Versandweg erfolgen.<\/li><li>Wir empfehlen, den Einlieferungsbeleg der R\u00fccksendung aufzubewahren.<\/li><\/ul><\/div><div class=\"mf-subcard\"><h3>Sperrige Produkte<\/h3><ul class=\"mf-list-info\"><li>Bei Produkten, die aufgrund ihrer Beschaffenheit nicht mit normalem Paketversand zur\u00fcckgesendet werden k\u00f6nnen, werden Art und Kosten der R\u00fcckgabe individuell festgelegt.<\/li><li>Dies betrifft insbesondere gr\u00f6\u00dfere Elemente, Paneele, Platten sowie andere Produkte, die einen spezialisierten Transport erfordern.<\/li><li>Die korrekte R\u00fccksendeadresse kann von der Art des Produkts und dem Lagerstandort abh\u00e4ngen.<\/li><\/ul><\/div><\/div><\/section><section id=\"adres-zwrotu\" class=\"mf-returns-card\"><div class=\"mf-section-intro\"><div class=\"mf-icon-bubble\">\ud83d\udccd<\/div><div><div class=\"mf-section-label\">Kontakt<\/div><h2>R\u00fccksendeadresse und Kontakt<\/h2><\/div><\/div><div class=\"mf-subcard\"><p>Bitte kontaktieren Sie unser Team vor dem Versand der R\u00fccksendung. Je nach Art<br \/>des Produkts und dem Ort der Lagerung kann die richtige R\u00fccksendeadresse unterschiedlich sein.<\/p><div class=\"mf-contact-box\"><div class=\"mf-contact-row\"><strong>E-Mail:<\/strong> <a href=\"mailto:kontakt@monteforest.com\">kontakt@monteforest.com<\/a><\/div><div class=\"mf-contact-row\"><strong>Telefon:<\/strong> <a href=\"tel:+48694036405\">+48 694 036 405<\/a><\/div><div class=\"mf-contact-row\"><strong>Kontaktzeiten:<\/strong> Montag \u2013 Freitag, 8:00\u201316:00<\/div><\/div><\/div><\/section><section id=\"reklamacje\" class=\"mf-returns-card\"><div class=\"mf-section-intro\"><div class=\"mf-icon-bubble\">\ud83d\udee0\ufe0f<\/div><div><div class=\"mf-section-label\">Reklamationen<\/div><h2>Reklamationen \u2013 mangelnde Vertragsgem\u00e4\u00dfheit der Ware<\/h2><\/div><\/div><div class=\"mf-subcard\"><ul class=\"mf-list-info\"><li>Wenn das erhaltene Produkt besch\u00e4digt, mangelhaft, unvollst\u00e4ndig oder nicht mit der Bestellung \u00fcbereinstimmt, k\u00f6nnen Sie eine Reklamation einreichen.<\/li><li>Beschreiben Sie in Ihrer Meldung das Problem, geben Sie die Bestellnummer an und f\u00fcgen Sie \u2013 wenn m\u00f6glich \u2013 Fotos oder Aufnahmen bei.<\/li><li>Wir beantworten die Reklamation innerhalb von maximal <strong>14 Tagen<\/strong> ab ihrem Eingang.<\/li><li>Je nach Situation kann die Reklamation eine Reparatur, einen Austausch, eine Preisminderung oder einen R\u00fccktritt vom Vertrag umfassen, sofern dies im jeweiligen Fall zul\u00e4ssig ist.<\/li><\/ul><\/div><\/section><section id=\"reklamacje-duze\" class=\"mf-returns-card\"><div class=\"mf-section-intro\"><div class=\"mf-icon-bubble\">\ud83c\udfd7\ufe0f<\/div><div><div class=\"mf-section-label\">Spezielle Produkte<\/div><h2>Reklamationen bei sperrigen und montierten Produkten<\/h2><\/div><\/div><div class=\"mf-subcard\"><ul class=\"mf-list-info\"><li>Reklamationen k\u00f6nnen auch sperrige Produkte, Container, Modulh\u00e4user, Konstruktionen sowie montierte oder installierte Produkte betreffen.<\/li><li>In solchen F\u00e4llen werden Art und Weise der Besichtigung, Reparatur, des Austauschs, der Abholung, Demontage oder erneuten Montage individuell festgelegt, unter Ber\u00fccksichtigung der Art des Produkts und des Investitionsortes.<\/li><li>Wenn der Mangel ein bereits montiertes Produkt betrifft, kann das weitere Verfahren eine Fotodokumentation, eine Besichtigung vor Ort oder die Vereinbarung eines technischen Termins erfordern.<\/li><\/ul><\/div><\/section><section id=\"zwrot-srodkow\" class=\"mf-returns-card\"><div class=\"mf-section-intro\"><div class=\"mf-icon-bubble\">\ud83d\udcb0<\/div><div><div class=\"mf-section-label\">Abrechnung<\/div><h2>R\u00fcckerstattung<\/h2><\/div><\/div><div class=\"mf-subcard\"><ul class=\"mf-list-info\"><li>Im Falle eines wirksamen Widerrufs erfolgt die R\u00fcckerstattung unverz\u00fcglich, sp\u00e4testens jedoch innerhalb von <strong>14 Tagen<\/strong> ab Eingang der Widerrufserkl\u00e4rung.<\/li><li>Der Verk\u00e4ufer kann die R\u00fcckzahlung verweigern, bis er das zur\u00fcckgesandte Produkt erhalten hat oder der Kunde einen Nachweis \u00fcber die R\u00fccksendung erbracht hat \u2013 je nachdem, welches Ereignis fr\u00fcher eintritt.<\/li><li>Die R\u00fcckzahlung erfolgt grunds\u00e4tzlich mit derselben Zahlungsmethode, die bei der urspr\u00fcnglichen Transaktion verwendet wurde, sofern nichts anderes vereinbart wurde.<\/li><\/ul><\/div><\/section><section id=\"kontakt-zwroty\" class=\"mf-returns-card mf-contact-card\"><div class=\"mf-section-intro\"><div class=\"mf-icon-bubble\">\u2709\ufe0f<\/div><div><div class=\"mf-section-label\">Hilfe<\/div><h2>Haben Sie Fragen?<\/h2><\/div><\/div><div class=\"mf-subcard\"><p>Bei Fragen zu R\u00fcckgaben, Reklamationen, zur R\u00fccksendeadresse oder zum Ablauf<br \/>bei gr\u00f6\u00dferen Projekten kontaktieren Sie uns bitte.<\/p><ul class=\"mf-list-info\"><li>\ud83d\udcde <a href=\"tel:+48694036405\">+48 694 036 405<\/a><\/li><li>\u2709\ufe0f <a href=\"mailto:kontakt@monteforest.com\">kontakt@monteforest.com<\/a><\/li><li>\ud83d\udd52 Wir sind von Montag bis Freitag in der Zeit von 8:00 bis 16:00 Uhr f\u00fcr Sie da<\/li><\/ul><\/div><\/section><\/div><\/section>\t\t\t\t\t\t\t\t<\/div>\n\t\t\t\t\t<\/div>\n\t\t\t\t<\/div>\n\t\t\t\t<\/div>\n\t\t","protected":false},"excerpt":{"rendered":"<p>&#8230;<\/p>\n","protected":false},"author":1,"featured_media":0,"parent":0,"menu_order":0,"comment_status":"closed","ping_status":"closed","template":"","meta":{"footnotes":""},"class_list":["post-1907","page","type-page","status-publish","hentry"],"_links":{"self":[{"href":"https:\/\/monteforest.com\/de\/wp-json\/wp\/v2\/pages\/1907","targetHints":{"allow":["GET"]}}],"collection":[{"href":"https:\/\/monteforest.com\/de\/wp-json\/wp\/v2\/pages"}],"about":[{"href":"https:\/\/monteforest.com\/de\/wp-json\/wp\/v2\/types\/page"}],"author":[{"embeddable":true,"href":"https:\/\/monteforest.com\/de\/wp-json\/wp\/v2\/users\/1"}],"replies":[{"embeddable":true,"href":"https:\/\/monteforest.com\/de\/wp-json\/wp\/v2\/comments?post=1907"}],"version-history":[{"count":41,"href":"https:\/\/monteforest.com\/de\/wp-json\/wp\/v2\/pages\/1907\/revisions"}],"predecessor-version":[{"id":9689,"href":"https:\/\/monteforest.com\/de\/wp-json\/wp\/v2\/pages\/1907\/revisions\/9689"}],"wp:attachment":[{"href":"https:\/\/monteforest.com\/de\/wp-json\/wp\/v2\/media?parent=1907"}],"curies":[{"name":"wp","href":"https:\/\/api.w.org\/{rel}","templated":true}]}}